{"id":16908,"date":"2018-03-09T10:23:14","date_gmt":"2018-03-09T10:23:14","guid":{"rendered":"https:\/\/evarquitectura.com\/contacte\/"},"modified":"2021-12-10T10:54:34","modified_gmt":"2021-12-10T09:54:34","slug":"contacto","status":"publish","type":"page","link":"https:\/\/evarquitectura.com\/es\/contacto\/","title":{"rendered":"Contacto"},"content":{"rendered":"\n<section class=\"wp-block-uagb-columns uagb-columns__wrap uagb-columns__background-undefined uagb-columns__stack-mobile uagb-columns__valign-undefined uagb-columns__gap-10 alignundefined uagb-block-2d2244d5\"><div class=\"uagb-columns__overlay\"><\/div><div class=\"uagb-columns__inner-wrap uagb-columns__columns-2\">\n<div class=\"wp-block-uagb-column uagb-column__wrap uagb-column__background-undefined uagb-block-27ae9753\"><div class=\"uagb-column__overlay\"><\/div><div class=\"uagb-column__inner-wrap\">\n<div class=\"wp-block-contact-form-7-contact-form-selector\">\n<div class=\"wpcf7 no-js\" id=\"wpcf7-f16907-o1\" lang=\"ca\" dir=\"ltr\" data-wpcf7-id=\"16907\">\n<div class=\"screen-reader-response\"><p role=\"status\" aria-live=\"polite\" aria-atomic=\"true\"><\/p> <ul><\/ul><\/div>\n<form action=\"\/es\/wp-json\/wp\/v2\/pages\/16908#wpcf7-f16907-o1\" method=\"post\" class=\"wpcf7-form init\" aria-label=\"Formulari de contacte\" novalidate=\"novalidate\" data-status=\"init\">\n<fieldset class=\"hidden-fields-container\"><input type=\"hidden\" name=\"_wpcf7\" value=\"16907\" \/><input type=\"hidden\" name=\"_wpcf7_version\" value=\"6.1.4\" \/><input type=\"hidden\" name=\"_wpcf7_locale\" value=\"ca\" \/><input type=\"hidden\" name=\"_wpcf7_unit_tag\" value=\"wpcf7-f16907-o1\" \/><input type=\"hidden\" name=\"_wpcf7_container_post\" value=\"0\" \/><input type=\"hidden\" name=\"_wpcf7_posted_data_hash\" value=\"\" \/><input type=\"hidden\" name=\"_wpcf7_recaptcha_response\" value=\"\" \/>\n<\/fieldset>\n<p><label> <strong> Nombre y Apellidos<span style=\"color: red;\">*<\/span><\/strong><br \/>\n<span class=\"wpcf7-form-control-wrap\" data-name=\"your-name\"><input size=\"40\" maxlength=\"400\" class=\"wpcf7-form-control wpcf7-text wpcf7-validates-as-required\" aria-required=\"true\" aria-invalid=\"false\" value=\"\" type=\"text\" name=\"your-name\" \/><\/span> <\/label>\n<\/p>\n<p><label> <strong> Email<span style=\"color: red;\">*<\/span><\/strong><br \/>\n<span class=\"wpcf7-form-control-wrap\" data-name=\"your-email\"><input size=\"40\" maxlength=\"400\" class=\"wpcf7-form-control wpcf7-email wpcf7-validates-as-required wpcf7-text wpcf7-validates-as-email\" aria-required=\"true\" aria-invalid=\"false\" value=\"\" type=\"email\" name=\"your-email\" \/><\/span> <\/label>\n<\/p>\n<p><label><strong> Tema<span style=\"color: red;\">*<\/span><\/strong><br \/>\n<span class=\"wpcf7-form-control-wrap\" data-name=\"your-subject\"><input size=\"40\" maxlength=\"400\" class=\"wpcf7-form-control wpcf7-text\" aria-invalid=\"false\" value=\"\" type=\"text\" name=\"your-subject\" \/><\/span> <\/label>\n<\/p>\n<p><label> <strong> Mensaje<span style=\"color: red;\">*<\/span><\/strong><br \/>\n<span class=\"wpcf7-form-control-wrap\" data-name=\"your-message\"><textarea cols=\"40\" rows=\"10\" maxlength=\"2000\" class=\"wpcf7-form-control wpcf7-textarea\" aria-invalid=\"false\" name=\"your-message\"><\/textarea><\/span> <\/label>\n<\/p>\n<p><span class=\"wpcf7-form-control-wrap\" data-name=\"acepto\"><span class=\"wpcf7-form-control wpcf7-acceptance\"><span class=\"wpcf7-list-item\"><label><input type=\"checkbox\" name=\"acepto\" value=\"1\" aria-invalid=\"false\" \/><span class=\"wpcf7-list-item-label\">He le\u00eddo, entendido y acepto la <a href=\"\/es\/politica-privacidad\/\" target=\"blank\">pol\u00edtica de privacidad <\/a>.\n\nInformaci\u00f3n b\u00e1sica sobre Protecci\u00f3n de datos (RGPD 2016\/679 i LOPDGDD 3\/2018)\nResponsable: EVA M\u00aa FERNANDEZ GIMENEZ  (en adelante: EVA ARQUITECTURA)\nFinalidad: Gestionar el env\u00edo de la informaci\u00f3n solicitada.\nLegitimaci\u00f3n:  Consentimiento del interesado\nDestinatarios:  No se ceder\u00e1n datos a terceros salvo por obligaci\u00f3n legal.\nDerechos:  Acceder, rectificar y suprimir sus datos, as\u00ed como otros derechos, que pueden ejercer tal como se especifica en la pol\u00edtica de privacidad de nuestro sitio web: <a href=\"\/es\/politica-privacidad\/\" target=\"blank\">pol\u00edtica de privacidad <\/a><\/span><\/label><\/span><\/span><\/span>\n<\/p>\n<p><span class=\"wpcf7-form-control-wrap\" data-name=\"acceptance-311\"><span class=\"wpcf7-form-control wpcf7-acceptance optional\"><span class=\"wpcf7-list-item\"><label><input type=\"checkbox\" name=\"acceptance-311\" value=\"1\" aria-invalid=\"false\" \/><span class=\"wpcf7-list-item-label\">Doy mi consentimiento para recibir comunicaciones comerciales posteriores por correo electr\u00f3nico y otros medios de comunicaci\u00f3n ofim\u00e1ticos, tal como establece la Ley LSSI\/CE 34\/2002.\nSi posteriormente no desea continuar recibiendo nuestras comunicaciones comerciales usted podr\u00e1 revocar el consentimiento enviando un e-mail a eva@evarquitectura.com con la palabra BAJA.<\/span><\/label><\/span><\/span><\/span>\n<\/p>\n<div style=\"font-size: 12px; padding-bottom: 5px;\">\n\t<p>Los campos marcados con <span style=\"color: red;\">*<\/span> son obligatorios\n\t<\/p>\n<\/div>\n<p><input class=\"wpcf7-form-control wpcf7-submit has-spinner\" type=\"submit\" value=\"Enviar\" \/>\n<\/p><div class=\"wpcf7-response-output\" aria-hidden=\"true\"><\/div>\n<\/form>\n<\/div>\n<\/div>\n<\/div><\/div>\n\n\n\n<div class=\"wp-block-uagb-column uagb-column__wrap uagb-column__background-undefined uagb-block-13c248b8\"><div class=\"uagb-column__overlay\"><\/div><div class=\"uagb-column__inner-wrap\">\n<p>Passatge de la Pau, 3, 08970 Sant Joan Desp\u00ed, Barcelona<br>+34 937 757 595<\/p>\n\n\n\n<iframe src=\"https:\/\/www.google.com\/maps\/embed?pb=!1m18!1m12!1m3!1d47905.10352886163!2d2.0500617334082123!3d41.37258622312209!2m3!1f0!2f0!3f0!3m2!1i1024!2i768!4f13.1!3m3!1m2!1s0x12a49b189f70a889%3A0x33af3857f5f9caf7!2sEVARQUITECTURA!5e0!3m2!1ses!2ses!4v1639129172118!5m2!1ses!2ses\" style=\"border:0;\" allowfullscreen=\"\" loading=\"lazy\" width=\"600\" height=\"450\"><\/iframe>\n<\/div><\/div>\n<\/div><\/section>\n","protected":false},"excerpt":{"rendered":"<p>Passatge de la Pau, 3, 08970 Sant Joan Desp\u00ed, Barcelona+34 937 757 595<\/p>\n","protected":false},"author":2,"featured_media":0,"parent":0,"menu_order":0,"comment_status":"closed","ping_status":"closed","template":"","meta":{"_uag_custom_page_level_css":"","site-sidebar-layout":"no-sidebar","site-content-layout":"plain-container","ast-site-content-layout":"default","site-content-style":"default","site-sidebar-style":"default","ast-global-header-display":"","ast-banner-title-visibility":"","ast-main-header-display":"","ast-hfb-above-header-display":"","ast-hfb-below-header-display":"","ast-hfb-mobile-header-display":"","site-post-title":"","ast-breadcrumbs-content":"","ast-featured-img":"disabled","footer-sml-layout":"","ast-disable-related-posts":"","theme-transparent-header-meta":"","adv-header-id-meta":"","stick-header-meta":"","header-above-stick-meta":"","header-main-stick-meta":"","header-below-stick-meta":"","astra-migrate-meta-layouts":"default","ast-page-background-enabled":"default","ast-page-background-meta":{"desktop":{"background-color":"var(--ast-global-color-4)","background-image":"","background-repeat":"repeat","background-position":"center center","background-size":"auto","background-attachment":"scroll","background-type":"","background-media":"","overlay-type":"","overlay-color":"","overlay-opacity":"","overlay-gradient":""},"tablet":{"background-color":"","background-image":"","background-repeat":"repeat","background-position":"center center","background-size":"auto","background-attachment":"scroll","background-type":"","background-media":"","overlay-type":"","overlay-color":"","overlay-opacity":"","overlay-gradient":""},"mobile":{"background-color":"","background-image":"","background-repeat":"repeat","background-position":"center center","background-size":"auto","background-attachment":"scroll","background-type":"","background-media":"","overlay-type":"","overlay-color":"","overlay-opacity":"","overlay-gradient":""}},"ast-content-background-meta":{"desktop":{"background-color":"var(--ast-global-color-5)","background-image":"","background-repeat":"repeat","background-position":"center center","background-size":"auto","background-attachment":"scroll","background-type":"","background-media":"","overlay-type":"","overlay-color":"","overlay-opacity":"","overlay-gradient":""},"tablet":{"background-color":"var(--ast-global-color-5)","background-image":"","background-repeat":"repeat","background-position":"center center","background-size":"auto","background-attachment":"scroll","background-type":"","background-media":"","overlay-type":"","overlay-color":"","overlay-opacity":"","overlay-gradient":""},"mobile":{"background-color":"var(--ast-global-color-5)","background-image":"","background-repeat":"repeat","background-position":"center center","background-size":"auto","background-attachment":"scroll","background-type":"","background-media":"","overlay-type":"","overlay-color":"","overlay-opacity":"","overlay-gradient":""}},"_vp_format_video_url":"","_vp_image_focal_point":[],"footnotes":""},"class_list":["post-16908","page","type-page","status-publish","hentry"],"spectra_custom_meta":{"_wp_page_template":["default"],"slide_template":["default"],"_wpb_vc_js_status":["true"],"qode_show-sidebar":["default"],"_wpml_location_migration_done":["1"],"_qode-like":["0"],"_wpml_media_featured":["1"],"_wpml_media_duplicate":["0"],"_astra_content_layout_flag":["disabled"],"site-post-title":[""],"ast-title-bar-display":["disabled"],"ast-featured-img":["disabled"],"site-content-layout":["plain-container"],"site-sidebar-layout":["no-sidebar"],"_oembed_1cd4c402f861bdd64b71a17f3e925c45":["<blockquote class=\"wp-embedded-content\" data-secret=\"Wp18AkfwRb\"><a href=\"https:\/\/www.hilkom-digital.de\/cheap-seo-packages\/\">SEO Pricing<\/a><\/blockquote><iframe class=\"wp-embedded-content\" sandbox=\"allow-scripts\" security=\"restricted\" style=\"position: absolute; clip: rect(1px, 1px, 1px, 1px);\" title=\"&#8220;SEO Pricing&#8221; &#8212; Hilkom Digital\" src=\"https:\/\/www.hilkom-digital.de\/cheap-seo-packages\/embed\/#?secret=Wp18AkfwRb\" data-secret=\"Wp18AkfwRb\" width=\"600\" height=\"338\" frameborder=\"0\" marginwidth=\"0\" marginheight=\"0\" scrolling=\"no\"><\/iframe>"],"_oembed_time_1cd4c402f861bdd64b71a17f3e925c45":["1637722137"],"_oembed_94280aeb31151350ec2a4f1e2933110c":["{{unknown}}"],"_oembed_b583db92f4a099339367e541d273161e":["{{unknown}}"],"_oembed_527d663620f90a435aaca4c06e98d044":["{{unknown}}"],"_oembed_8ac337813851d9de279864f593853e3f":["{{unknown}}"],"_oembed_e70dc8b625bb713950daec3f04e23eeb":["{{unknown}}"],"_oembed_1685da6ca09f213477edc3339f5edc97":["{{unknown}}"],"_oembed_cea20a87d5d176178451a370e5657217":["{{unknown}}"],"_oembed_757d20152bee358530fc9d2097cf5111":["<blockquote class=\"wp-embedded-content\" data-secret=\"EMe45kszbO\"><a href=\"https:\/\/xn----7sbb1bbndheurc1a.xn--p1ai\/\">home<\/a><\/blockquote><iframe class=\"wp-embedded-content\" sandbox=\"allow-scripts\" security=\"restricted\" style=\"position: absolute; clip: rect(1px, 1px, 1px, 1px);\" title=\"\u00abhome\u00bb &#8212; NEWSLETTERS USING SITE CONTACT FORMS\" src=\"https:\/\/xn----7sbb1bbndheurc1a.xn--p1ai\/embed\/#?secret=EMe45kszbO\" data-secret=\"EMe45kszbO\" width=\"600\" height=\"338\" frameborder=\"0\" marginwidth=\"0\" marginheight=\"0\" scrolling=\"no\"><\/iframe>"],"_oembed_time_757d20152bee358530fc9d2097cf5111":["1638421215"],"_oembed_1049bbe566c1015580f28433303af326":["<blockquote class=\"wp-embedded-content\" data-secret=\"Ne2ra6mNnu\"><a href=\"https:\/\/www.digital-x-press.com\/product\/150-dofollow-backlinks\/\">Dofollow Backlinks<\/a><\/blockquote><iframe class=\"wp-embedded-content\" sandbox=\"allow-scripts\" security=\"restricted\" style=\"position: absolute; clip: rect(1px, 1px, 1px, 1px);\" title=\"&#8220;Dofollow Backlinks&#8221; &#8212; SEO X Press\" src=\"https:\/\/www.digital-x-press.com\/product\/150-dofollow-backlinks\/embed\/#?secret=Ne2ra6mNnu\" data-secret=\"Ne2ra6mNnu\" width=\"600\" height=\"338\" frameborder=\"0\" marginwidth=\"0\" marginheight=\"0\" scrolling=\"no\"><\/iframe>"],"_oembed_time_1049bbe566c1015580f28433303af326":["1638641915"],"_oembed_402a88cba70dcd896a405173ef56650e":["<blockquote class=\"wp-embedded-content\" data-secret=\"7HsZtZkC3Q\"><a href=\"https:\/\/www.strictlydigital.net\/product\/moz-da50-seo-plan\/\">MOZ DA 50+ SEO plan<\/a><\/blockquote><iframe class=\"wp-embedded-content\" sandbox=\"allow-scripts\" security=\"restricted\" style=\"position: absolute; clip: rect(1px, 1px, 1px, 1px);\" title=\"&#8220;MOZ DA 50+ SEO plan&#8221; &#8212; Strictly Digital\" src=\"https:\/\/www.strictlydigital.net\/product\/moz-da50-seo-plan\/embed\/#?secret=7HsZtZkC3Q\" data-secret=\"7HsZtZkC3Q\" width=\"600\" height=\"338\" frameborder=\"0\" marginwidth=\"0\" marginheight=\"0\" scrolling=\"no\"><\/iframe>"],"_oembed_time_402a88cba70dcd896a405173ef56650e":["1638777124"],"_oembed_9ee740b924f60e068a34f234521461f5":["<blockquote class=\"wp-embedded-content\" data-secret=\"5NL7ncjyG9\"><a href=\"https:\/\/www.strictlydigital.net\/product\/ahrefs-dr60\/\">aHrefs DR50 to 60 Plan<\/a><\/blockquote><iframe class=\"wp-embedded-content\" sandbox=\"allow-scripts\" security=\"restricted\" style=\"position: absolute; clip: rect(1px, 1px, 1px, 1px);\" title=\"&#8220;aHrefs DR50 to 60 Plan&#8221; &#8212; Strictly Digital\" src=\"https:\/\/www.strictlydigital.net\/product\/ahrefs-dr60\/embed\/#?secret=5NL7ncjyG9\" data-secret=\"5NL7ncjyG9\" width=\"600\" height=\"338\" frameborder=\"0\" marginwidth=\"0\" marginheight=\"0\" scrolling=\"no\"><\/iframe>"],"_oembed_time_9ee740b924f60e068a34f234521461f5":["1638777125"],"_wpml_word_count":["{\"total\":16,\"to_translate\":{\"es\":16}}"],"ast-main-header-display":[""],"ast-hfb-above-header-display":[""],"ast-hfb-below-header-display":[""],"ast-hfb-mobile-header-display":[""],"ast-breadcrumbs-content":[""],"footer-sml-layout":[""],"theme-transparent-header-meta":[""],"adv-header-id-meta":[""],"stick-header-meta":[""],"header-above-stick-meta":[""],"header-main-stick-meta":[""],"header-below-stick-meta":[""],"_edit_lock":["1639130075:4"],"_last_translation_edit_mode":["native-editor"],"_edit_last":["4"],"_uag_page_assets":["a:9:{s:3:\"css\";s:8727:\"[class*=\"uagb-columns__columns-\"],.uagb-columns__inner-wrap{position:relative;margin-left:auto;margin-right:auto;z-index:2;display:flex;flex-wrap:nowrap;width:100%}.uagb-columns__wrap{position:relative;margin-left:auto;margin-right:auto}.uagb-columns__wrap .uagb-columns__overlay,.uagb-columns__wrap .uagb-columns__video-wrap{height:100%;width:100%;top:0;left:0;position:absolute}.uagb-columns__wrap .uagb-columns__video-wrap{overflow:hidden;z-index:0;-webkit-transition:opacity 1s;-o-transition:opacity 1s;transition:opacity 1s}.uagb-columns__wrap .uagb-columns__video-wrap video{max-width:100%;width:100%;height:100%;margin:0;line-height:1;border:none;display:inline-block;vertical-align:baseline;-o-object-fit:cover;object-fit:cover;background-size:cover}.uagb-columns__wrap .uagb-columns__shape{overflow:hidden;position:absolute;left:0;width:100%;line-height:0;direction:ltr;z-index:1}.uagb-columns__wrap .uagb-columns__shape-top{top:-3px}.uagb-columns__wrap .uagb-columns__shape-bottom{bottom:-3px}.uagb-columns__wrap .uagb-columns__shape[data-negative=\"false\"].uagb-columns__shape-bottom,.uagb-columns__wrap .uagb-columns__shape[data-negative=\"true\"].uagb-columns__shape-top{-webkit-transform:rotate(180deg);-ms-transform:rotate(180deg);transform:rotate(180deg)}.uagb-columns__wrap .uagb-columns__shape.uagb-columns__shape-flip svg{transform:translateX(-50%) rotateY(180deg)}.uagb-columns__wrap .uagb-columns__shape svg{display:block;width:-webkit-calc(100% + 1.3px);width:calc(100% + 1.3px);position:relative;left:50%;-webkit-transform:translateX(-50%);-ms-transform:translateX(-50%);transform:translateX(-50%)}.uagb-columns__wrap .uagb-columns__shape .uagb-columns__shape-fill{fill:#333;-webkit-transform-origin:center;-ms-transform-origin:center;transform-origin:center;-webkit-transform:rotateY(0deg);transform:rotateY(0deg)}.uagb-columns__wrap .uagb-columns__shape.uagb-columns__shape-above-content{z-index:9;pointer-events:none}.uagb-columns__valign-center .uagb-column__wrap,.uagb-columns__valign-middle .uagb-column__wrap{display:flex;flex-direction:column;justify-content:center}.uagb-columns__valign-top .uagb-column__wrap{-webkit-box-align:flex-start;-webkit-align-items:flex-start;-ms-flex-align:flex-start;align-items:flex-start}.uagb-columns__valign-bottom .uagb-column__wrap{display:flex;flex-direction:column;justify-content:flex-end}.uagb-columns__columns-1>.uagb-column__wrap{width:100%}.uagb-columns__columns-2>.uagb-column__wrap{width:50%}.uagb-columns__columns-3>.uagb-column__wrap{width:33.33%}.uagb-columns__columns-4>.uagb-column__wrap{width:25%}.uagb-columns__columns-5>.uagb-column__wrap{width:20%}.uagb-columns__columns-6>.uagb-column__wrap{width:16.66%}.uagb-columns__gap-nogap>.uagb-columns__inner-wrap>.wp-block[data-type=\"uagb\/column\"]{padding:0}.uagb-columns__gap-default>.uagb-columns__inner-wrap>.wp-block[data-type=\"uagb\/column\"]{padding:10px}.uagb-columns__gap-narrow>.uagb-columns__inner-wrap>.wp-block[data-type=\"uagb\/column\"]{padding:5px}.uagb-columns__gap-extended>.uagb-columns__inner-wrap>.wp-block[data-type=\"uagb\/column\"]{padding:15px}.uagb-columns__gap-wide>.uagb-columns__inner-wrap>.wp-block[data-type=\"uagb\/column\"]{padding:20px}.uagb-columns__gap-wider>.uagb-columns__inner-wrap>.wp-block[data-type=\"uagb\/column\"]{padding:30px}@media (max-width: 976px){.uagb-columns__stack-tablet>.uagb-columns__columns-1>.uagb-column__wrap,.uagb-columns__stack-tablet>.uagb-columns__columns-2>.uagb-column__wrap,.uagb-columns__stack-tablet>.uagb-columns__columns-3>.uagb-column__wrap,.uagb-columns__stack-tablet>.uagb-columns__columns-4>.uagb-column__wrap,.uagb-columns__stack-tablet>.uagb-columns__columns-5>.uagb-column__wrap,.uagb-columns__stack-tablet>.uagb-columns__columns-6>.uagb-column__wrap{width:100% !important}.uagb-columns__stack-tablet{display:block}.uagb-columns__stack-tablet>.uagb-columns__inner-wrap{display:block}.uagb-columns__stack-tablet.uagb-columns__reverse-tablet .uagb-columns__inner-wrap{display:flex;flex-direction:column-reverse}.uagb-columns__reverse-tablet .uagb-columns__inner-wrap{display:flex;flex-direction:row-reverse}}@media (max-width: 767px){.uagb-columns__stack-mobile>.uagb-columns__columns-1>.uagb-column__wrap,.uagb-columns__stack-mobile>.uagb-columns__columns-2>.uagb-column__wrap,.uagb-columns__stack-mobile>.uagb-columns__columns-3>.uagb-column__wrap,.uagb-columns__stack-mobile>.uagb-columns__columns-4>.uagb-column__wrap,.uagb-columns__stack-mobile>.uagb-columns__columns-5>.uagb-column__wrap,.uagb-columns__stack-mobile>.uagb-columns__columns-6>.uagb-column__wrap{width:100% !important}.uagb-columns__stack-mobile{display:block}.uagb-columns__stack-mobile>.uagb-columns__inner-wrap{display:block}.uagb-columns__stack-mobile.uagb-columns__reverse-mobile .uagb-columns__inner-wrap,.uagb-columns__stack-mobile.uagb-columns__reverse-tablet .uagb-columns__inner-wrap{display:flex;flex-direction:column-reverse}.uagb-columns__stack-tablet.uagb-columns__reverse-mobile .uagb-columns__inner-wrap{display:flex;flex-direction:column-reverse}.uagb-columns__reverse-mobile .uagb-columns__inner-wrap{display:flex;flex-direction:row-reverse}}@media (min-width: 768px) and (max-width: 1024px){.wp-block-uagb-columns.uagb-columns__wrap.uagb-columns__background-image{background-attachment:scroll}}@media (max-width: 449px){.uagb-columns__wrap .uagb-column__wrap.uagb-column__background-image{background-attachment:scroll !important}}\n.uagb-column__wrap,.uagb-column__inner-wrap{margin-left:auto;margin-right:auto;position:relative;width:100%;z-index:2}.uagb-column__wrap{position:relative;overflow:visible}.uagb-column__wrap>*{z-index:1;width:100%;position:relative}.uagb-column__wrap .aligncenter{display:block;text-align:center}.uagb-column__wrap .aligncenter figcaption{display:block;text-align:center}.uagb-column__wrap .alignright{display:block;text-align:right}.uagb-column__wrap .alignright figcaption{display:block;text-align:right}.uagb-column__wrap .wp-block-image{width:100%}.uagb-column__wrap.uagb-column__align-left{margin-left:0;margin-right:auto}.uagb-column__wrap.uagb-column__align-right{margin-left:auto;margin-right:0}.uagb-column__wrap .uagb-column__video-wrap,.uagb-column__wrap .uagb-column__overlay{height:100%;width:100%;top:0;left:0;position:absolute;border-radius:inherit}.uagb-column__wrap .uagb-column__video-wrap{overflow:hidden;z-index:0;-webkit-transition:opacity 1s;-o-transition:opacity 1s;transition:opacity 1s}.uagb-column__wrap .uagb-column__video-wrap video{max-width:100%;width:100%;height:100%;margin:0;line-height:1;border:none;display:inline-block;vertical-align:baseline;-o-object-fit:cover;object-fit:cover;background-size:cover}.wp-block-uagb-columns>.editor-inner-blocks>.editor-block-list__layout>[data-type=\"uagb\/column\"]{display:flex;flex-direction:column;flex:1;padding-left:0;padding-right:0;margin-left:-14px;margin-right:-14px;min-width:0;word-break:break-word;overflow-wrap:break-word;flex-basis:100%}@media (max-width: 976px){.uagb-column__align-tablet-left{margin-left:0;margin-right:auto}.uagb-column__align-tablet-right{margin-left:auto;margin-right:0}}@media (max-width: 767px){.uagb-column__align-mobile-left{margin-left:0;margin-right:auto}.uagb-column__align-mobile-right{margin-left:auto;margin-right:0}}@media (max-width: 449px){.uagb-columns__wrap.uagb-columns__background-image{background-attachment:scroll !important}}\n.uagb-block-2d2244d5.wp-block-uagb-columns.uagb-columns__wrap{padding-top: 20px;padding-bottom: 20px;padding-left: 20px;padding-right: 20px;margin-top: 0px;margin-bottom: 0px;}.uagb-block-2d2244d5 .uagb-columns__video-wrap{opacity: 0.5;}.uagb-block-2d2244d5 > .uagb-columns__inner-wrap{max-width: 1200px;}.uagb-block-2d2244d5 .uagb-column__inner-wrap{padding: 10px;}.uagb-block-2d2244d5 .uagb-column__wrap{padding: 10px;}.uagb-block-2d2244d5 .uagb-columns__shape.uagb-columns__shape-top .uagb-columns__shape-fill{fill: rgba(51,51,51,1);}.uagb-block-2d2244d5 .uagb-columns__shape.uagb-columns__shape-bottom .uagb-columns__shape-fill{fill: rgba(51,51,51,1);}.uagb-block-2d2244d5.wp-block-uagb-columns{box-shadow: 0px 0px    ;}.uagb-block-2d2244d5 > .uagb-columns__overlay{border-radius:    ;}.wp-block-uagb-column.uagb-block-27ae9753.uagb-column__wrap{width: 50%;}.wp-block-uagb-column.uagb-block-27ae9753 > .uagb-column__overlay{border-radius:    ;}.wp-block-uagb-column.uagb-block-13c248b8.uagb-column__wrap{width: 50%;}.wp-block-uagb-column.uagb-block-13c248b8 > .uagb-column__overlay{border-radius:    ;}.uag-blocks-common-selector{z-index:var(--z-index-desktop) !important}@media (max-width: 976px){.uag-blocks-common-selector{z-index:var(--z-index-tablet) !important}}@media (max-width: 767px){.uag-blocks-common-selector{z-index:var(--z-index-mobile) !important}}\n\";s:2:\"js\";s:0:\"\";s:18:\"current_block_list\";a:5:{i:0;s:12:\"uagb\/columns\";i:1;s:11:\"uagb\/column\";i:2;s:36:\"contact-form-7\/contact-form-selector\";i:4;s:14:\"core\/paragraph\";i:5;s:9:\"core\/html\";}s:8:\"uag_flag\";b:1;s:11:\"uag_version\";s:10:\"1770132963\";s:6:\"gfonts\";a:0:{}s:10:\"gfonts_url\";s:0:\"\";s:12:\"gfonts_files\";a:0:{}s:14:\"uag_faq_layout\";b:0;}"],"rank_math_analytic_object_id":["59"],"rank_math_internal_links_processed":["1"],"_uag_css_file_name":["uag-css-16908.css"]},"uagb_featured_image_src":{"full":false,"thumbnail":false,"medium":false,"medium_large":false,"large":false,"1536x1536":false,"2048x2048":false,"vp_sm":false,"vp_md":false,"vp_lg":false,"vp_xl":false,"vp_sm_popup":false,"vp_md_popup":false,"vp_xl_popup":false},"uagb_author_info":{"display_name":"evaweb","author_link":"https:\/\/evarquitectura.com\/es\/author\/evaweb\/"},"uagb_comment_info":0,"uagb_excerpt":"Passatge de la Pau, 3, 08970 Sant Joan Desp\u00ed, Barcelona+34 937 757 595","_links":{"self":[{"href":"https:\/\/evarquitectura.com\/es\/wp-json\/wp\/v2\/pages\/16908","targetHints":{"allow":["GET"]}}],"collection":[{"href":"https:\/\/evarquitectura.com\/es\/wp-json\/wp\/v2\/pages"}],"about":[{"href":"https:\/\/evarquitectura.com\/es\/wp-json\/wp\/v2\/types\/page"}],"author":[{"embeddable":true,"href":"https:\/\/evarquitectura.com\/es\/wp-json\/wp\/v2\/users\/2"}],"replies":[{"embeddable":true,"href":"https:\/\/evarquitectura.com\/es\/wp-json\/wp\/v2\/comments?post=16908"}],"version-history":[{"count":2,"href":"https:\/\/evarquitectura.com\/es\/wp-json\/wp\/v2\/pages\/16908\/revisions"}],"predecessor-version":[{"id":16910,"href":"https:\/\/evarquitectura.com\/es\/wp-json\/wp\/v2\/pages\/16908\/revisions\/16910"}],"wp:attachment":[{"href":"https:\/\/evarquitectura.com\/es\/wp-json\/wp\/v2\/media?parent=16908"}],"curies":[{"name":"wp","href":"https:\/\/api.w.org\/{rel}","templated":true}]}}